{"id":2056,"date":"2024-12-23T13:20:02","date_gmt":"2024-12-23T11:20:02","guid":{"rendered":"https:\/\/www.kanavateatteri.fi\/teatteri\/?page_id=2056"},"modified":"2024-12-23T13:20:02","modified_gmt":"2024-12-23T11:20:02","slug":"risto-rappaaja-ja-sevillan-saituri","status":"publish","type":"page","link":"https:\/\/www.kanavateatteri.fi\/teatteri\/risto-rappaaja-ja-sevillan-saituri\/","title":{"rendered":"Risto R\u00e4pp\u00e4\u00e4j\u00e4 ja Sevillan saituri"},"content":{"rendered":"","protected":false},"excerpt":{"rendered":"","protected":false},"author":1,"featured_media":0,"parent":0,"menu_order":0,"comment_status":"closed","ping_status":"closed","template":"","meta":{"footnotes":""},"class_list":["post-2056","page","type-page","status-publish","hentry"],"_links":{"self":[{"href":"https:\/\/www.kanavateatteri.fi\/teatteri\/wp-json\/wp\/v2\/pages\/2056","targetHints":{"allow":["GET"]}}],"collection":[{"href":"https:\/\/www.kanavateatteri.fi\/teatteri\/wp-json\/wp\/v2\/pages"}],"about":[{"href":"https:\/\/www.kanavateatteri.fi\/teatteri\/wp-json\/wp\/v2\/types\/page"}],"author":[{"embeddable":true,"href":"https:\/\/www.kanavateatteri.fi\/teatteri\/wp-json\/wp\/v2\/users\/1"}],"replies":[{"embeddable":true,"href":"https:\/\/www.kanavateatteri.fi\/teatteri\/wp-json\/wp\/v2\/comments?post=2056"}],"version-history":[{"count":1,"href":"https:\/\/www.kanavateatteri.fi\/teatteri\/wp-json\/wp\/v2\/pages\/2056\/revisions"}],"predecessor-version":[{"id":2057,"href":"https:\/\/www.kanavateatteri.fi\/teatteri\/wp-json\/wp\/v2\/pages\/2056\/revisions\/2057"}],"wp:attachment":[{"href":"https:\/\/www.kanavateatteri.fi\/teatteri\/wp-json\/wp\/v2\/media?parent=2056"}],"curies":[{"name":"wp","href":"https:\/\/api.w.org\/{rel}","templated":true}]}}